{"id":367,"date":"2019-03-26T08:38:25","date_gmt":"2019-03-26T08:38:25","guid":{"rendered":"https:\/\/ttal.ce.metu.edu.tr\/?page_id=367"},"modified":"2019-07-22T10:46:11","modified_gmt":"2019-07-22T10:46:11","slug":"diger-ogretim-uyeleri","status":"publish","type":"page","link":"http:\/\/ttal.ce.metu.edu.tr\/tr\/diger-ogretim-uyeleri\/","title":{"rendered":"Di\u011fer \u00d6\u011fretim \u00dcyeleri"},"content":{"rendered":"<ul>\n<li>\n<h5><a href=\"https:\/\/staffroster.metu.edu.tr\/my_staff_roster.php?ssn=MTE2Nzc3\">Prof. Dr. KA\u011eAN TUNCAY<\/a><\/h5>\n<\/li>\n<li>\n<h5 class=\"main_header_title\"><a href=\"http:\/\/crp.metu.edu.tr\/staff\/ela-babalik-sutcliffe\">Prof. Dr.\u00a0ELA BABALIK SUTCLIFFE<\/a><\/h5>\n<\/li>\n<li>\n<h5><a href=\"http:\/\/www.mersin.edu.tr\/akademik\/muhendislik-fakultesi\/bolumler\/insaat-muhendisligi-bolumu\/programlar\/insaat-muhendisligi\/ogretim-elemanlari\/ozen.murat\">Dr. \u00d6\u011fr. \u00dcyesi MURAT \u00d6ZEN<\/a><\/h5>\n<\/li>\n<li>\n<h5><a href=\"http:\/\/ce.baskent.edu.tr\/kw\/ozgecmis.php?dil=EN&amp;id=44805\">Dr. \u00d6\u011fr. \u00dcyesi FUNDA T\u00dcRE K\u0130BAR<\/a><\/h5>\n<\/li>\n<li>\n<h5>Dr. ORU\u00c7 ALTINTA\u015eI<\/h5>\n<\/li>\n<\/ul>\n","protected":false},"excerpt":{"rendered":"<p>Prof. Dr. KA\u011eAN TUNCAY Prof. Dr.\u00a0ELA BABALIK SUTCLIFFE Dr. \u00d6\u011fr. \u00dcyesi MURAT \u00d6ZEN Dr. \u00d6\u011fr. \u00dcyesi FUNDA T\u00dcRE K\u0130BAR Dr. ORU\u00c7 ALTINTA\u015eI<\/p>\n","protected":false},"author":6213,"featured_media":0,"parent":0,"menu_order":0,"comment_status":"closed","ping_status":"closed","template":"","meta":{"footnotes":"","_links_to":"","_links_to_target":""},"class_list":["post-367","page","type-page","status-publish","hentry"],"_links":{"self":[{"href":"http:\/\/ttal.ce.metu.edu.tr\/tr\/wp-json\/wp\/v2\/pages\/367","targetHints":{"allow":["GET"]}}],"collection":[{"href":"http:\/\/ttal.ce.metu.edu.tr\/tr\/wp-json\/wp\/v2\/pages"}],"about":[{"href":"http:\/\/ttal.ce.metu.edu.tr\/tr\/wp-json\/wp\/v2\/types\/page"}],"author":[{"embeddable":true,"href":"http:\/\/ttal.ce.metu.edu.tr\/tr\/wp-json\/wp\/v2\/users\/6213"}],"replies":[{"embeddable":true,"href":"http:\/\/ttal.ce.metu.edu.tr\/tr\/wp-json\/wp\/v2\/comments?post=367"}],"version-history":[{"count":0,"href":"http:\/\/ttal.ce.metu.edu.tr\/tr\/wp-json\/wp\/v2\/pages\/367\/revisions"}],"wp:attachment":[{"href":"http:\/\/ttal.ce.metu.edu.tr\/tr\/wp-json\/wp\/v2\/media?parent=367"}],"curies":[{"name":"wp","href":"https:\/\/api.w.org\/{rel}","templated":true}]}}