{"id":354,"date":"2019-03-26T08:31:09","date_gmt":"2019-03-26T08:31:09","guid":{"rendered":"https:\/\/ttal.ce.metu.edu.tr\/?page_id=354"},"modified":"2019-03-26T08:32:17","modified_gmt":"2019-03-26T08:32:17","slug":"proje-ortaklari","status":"publish","type":"page","link":"http:\/\/ttal.ce.metu.edu.tr\/tr\/proje-ortaklari\/","title":{"rendered":"Proje Partnerleri"},"content":{"rendered":"<ul>\n<li><a href=\"https:\/\/www.issd.com.tr\/en\/\">ISSD B\u0130L\u0130\u015e\u0130M ELEKTRON\u0130K A.\u015e.\u00a0<\/a><\/li>\n<li><a href=\"https:\/\/www.parabolyazilim.com\/index-en\">PARABOL YAZILIM ELEKTRON\u0130K DANI\u015eMANLIK E\u011e\u0130T\u0130M SANAY\u0130 VE T\u0130CARET LTD. \u015eT\u0130.<\/a><\/li>\n<li><a href=\"http:\/\/www.tra.org.tr\/eng\">YOLLAR T\u00dcRK M\u0130LL\u0130 KOM\u0130TES\u0130 (YTMK)<\/a><\/li>\n<\/ul>\n","protected":false},"excerpt":{"rendered":"<p>ISSD B\u0130L\u0130\u015e\u0130M ELEKTRON\u0130K A.\u015e.\u00a0 PARABOL YAZILIM ELEKTRON\u0130K DANI\u015eMANLIK E\u011e\u0130T\u0130M SANAY\u0130 VE T\u0130CARET LTD. \u015eT\u0130. YOLLAR T\u00dcRK M\u0130LL\u0130 KOM\u0130TES\u0130 (YTMK)<\/p>\n","protected":false},"author":6213,"featured_media":0,"parent":0,"menu_order":0,"comment_status":"closed","ping_status":"closed","template":"","meta":{"footnotes":"","_links_to":"","_links_to_target":""},"class_list":["post-354","page","type-page","status-publish","hentry"],"_links":{"self":[{"href":"http:\/\/ttal.ce.metu.edu.tr\/tr\/wp-json\/wp\/v2\/pages\/354","targetHints":{"allow":["GET"]}}],"collection":[{"href":"http:\/\/ttal.ce.metu.edu.tr\/tr\/wp-json\/wp\/v2\/pages"}],"about":[{"href":"http:\/\/ttal.ce.metu.edu.tr\/tr\/wp-json\/wp\/v2\/types\/page"}],"author":[{"embeddable":true,"href":"http:\/\/ttal.ce.metu.edu.tr\/tr\/wp-json\/wp\/v2\/users\/6213"}],"replies":[{"embeddable":true,"href":"http:\/\/ttal.ce.metu.edu.tr\/tr\/wp-json\/wp\/v2\/comments?post=354"}],"version-history":[{"count":0,"href":"http:\/\/ttal.ce.metu.edu.tr\/tr\/wp-json\/wp\/v2\/pages\/354\/revisions"}],"wp:attachment":[{"href":"http:\/\/ttal.ce.metu.edu.tr\/tr\/wp-json\/wp\/v2\/media?parent=354"}],"curies":[{"name":"wp","href":"https:\/\/api.w.org\/{rel}","templated":true}]}}