{"id":349,"date":"2019-03-26T08:22:26","date_gmt":"2019-03-26T08:22:26","guid":{"rendered":"https:\/\/ttal.ce.metu.edu.tr\/?page_id=349"},"modified":"2019-03-26T08:25:38","modified_gmt":"2019-03-26T08:25:38","slug":"proje-listesi","status":"publish","type":"page","link":"http:\/\/ttal.ce.metu.edu.tr\/tr\/proje-listesi\/","title":{"rendered":"Proje Listesi"},"content":{"rendered":"<table style=\"height: 1474px\" width=\"771\">\n<tbody>\n<tr>\n<td width=\"123\">\n<p style=\"text-align: center\"><strong>Proje S\u00fcresi<\/strong><\/p>\n<\/td>\n<td style=\"text-align: center\" width=\"348\"><strong>Proje \u0130smi<\/strong><\/td>\n<td width=\"126\">\n<p style=\"text-align: center\"><strong>Destekleyen Kurum<\/strong><\/p>\n<\/td>\n<\/tr>\n<tr>\n<td width=\"123\">Devam Ediyor-<\/td>\n<td width=\"348\">Technical Assistance for Developed Analytical Basis for Formulating Strategies and Actions towards Low Carbon Development<\/p>\n<p>TR2013\/0327.05.01-01\/001<\/td>\n<td width=\"126\"><\/td>\n<\/tr>\n<tr>\n<td width=\"123\">Devam Ediyor-<\/td>\n<td width=\"348\">Smart Campus Project<\/td>\n<td width=\"126\">United Stated Trade and Development (USTDA)<\/td>\n<\/tr>\n<tr>\n<td width=\"123\">1 Ocak 2017 &#8211; 1 Haziran 2019<\/td>\n<td width=\"348\">Yolculuk Talep Tahmini \u0130\u00e7in Bluetooth ve Hareketli Ara\u00e7 Verisine Dayal\u0131 Ger\u00e7ek Zamanl\u0131 Analiz Sisteminin Geli\u015ftirilmesi (Development of Real-Time Analysis System Based on Bluetooth and Floating Car Data for Travel Demand Forecasting)<\/td>\n<td width=\"126\">ISSD-TUBITAK (The Scientific and Technological Research Council of Turkey)-TUBITAK Science &amp; Society National Support Programs Science&amp; Society Projects (4004, 4005 etc.)<\/td>\n<\/tr>\n<tr>\n<td width=\"123\"><\/td>\n<td width=\"348\"><\/td>\n<td width=\"126\"><\/td>\n<\/tr>\n<tr>\n<td width=\"123\">1 Ocak 2017 &#8211; 1 Aral\u0131k 2018<\/td>\n<td width=\"348\">Ak\u0131ll\u0131 Yap\u0131l\u0131 \u00c7evre (AY\u00c7) D\u00f6n\u00fc\u015f\u00fcm\u00fc isterlerinin Belirlenmesi: ODT\u00dc Yerle\u015fkesi Ara\u015ft\u0131rma Park\u0131 Vaka \u00c7al\u0131\u015fmas\u0131<\/td>\n<td width=\"126\"><\/td>\n<\/tr>\n<tr>\n<td width=\"123\">\u00a01 Kas\u0131m 2017 &#8211; 1 Mart 2018<\/td>\n<td width=\"348\">Ak\u0131ll\u0131 Ula\u015f\u0131m Sistemleri (AUS) De\u011ferlendirme Endeksi Geli\u015ftirme AR-GE Projesi (Intelligent Transport Systems (ITS) Evaluation Index Development R &amp; D Project)<\/td>\n<td width=\"126\">OTEST A.\u015e.-Ak\u0131ll\u0131 Ula\u015f\u0131m Sistemleri Derne\u011fi-AUSDER (ITS TURKEY)<\/td>\n<\/tr>\n<tr>\n<td width=\"123\">1 Ocak 2016 &#8211; 1 Ocak 2017<\/td>\n<td width=\"348\">Etlik Integrated Health Campus Traffic Impact Study<\/td>\n<td width=\"126\">AGUDOS Project, Consultancy, Test and Experiments. Projects (SAYP)<\/td>\n<\/tr>\n<tr>\n<td width=\"123\">1 Temmuz 2014 &#8211; 1 Temmuz 2015<\/td>\n<td width=\"348\">Ayd\u0131n B\u00fcy\u00fck\u015fehir Belediyesi \u0130\u00e7in Yol Kenar\u0131 Parklanma ve Otopark Y\u00f6netim Stratejileri Raporu Haz\u0131rlanmas\u0131<\/td>\n<td width=\"126\">\u00a0AGUDOS Project, Consultancy, Test and Experiments. Consultancy, Test and Experiments Ayd\u0131n B\u00fcy\u00fck\u015fehir Belediyesi<\/td>\n<\/tr>\n<\/tbody>\n<\/table>\n","protected":false},"excerpt":{"rendered":"<p>Proje S\u00fcresi Proje \u0130smi Destekleyen Kurum Devam Ediyor- Technical Assistance for Developed Analytical Basis for Formulating Strategies and Actions towards Low Carbon Development TR2013\/0327.05.01-01\/001 Devam Ediyor- Smart Campus Project United Stated Trade and Development (USTDA) 1 Ocak 2017 &#8211; 1 Haziran 2019 Yolculuk Talep Tahmini \u0130\u00e7in Bluetooth ve Hareketli Ara\u00e7 Verisine Dayal\u0131 Ger\u00e7ek Zamanl\u0131 Analiz [&hellip;]<\/p>\n","protected":false},"author":6213,"featured_media":0,"parent":0,"menu_order":0,"comment_status":"closed","ping_status":"closed","template":"","meta":{"footnotes":"","_links_to":"","_links_to_target":""},"class_list":["post-349","page","type-page","status-publish","hentry"],"_links":{"self":[{"href":"http:\/\/ttal.ce.metu.edu.tr\/tr\/wp-json\/wp\/v2\/pages\/349","targetHints":{"allow":["GET"]}}],"collection":[{"href":"http:\/\/ttal.ce.metu.edu.tr\/tr\/wp-json\/wp\/v2\/pages"}],"about":[{"href":"http:\/\/ttal.ce.metu.edu.tr\/tr\/wp-json\/wp\/v2\/types\/page"}],"author":[{"embeddable":true,"href":"http:\/\/ttal.ce.metu.edu.tr\/tr\/wp-json\/wp\/v2\/users\/6213"}],"replies":[{"embeddable":true,"href":"http:\/\/ttal.ce.metu.edu.tr\/tr\/wp-json\/wp\/v2\/comments?post=349"}],"version-history":[{"count":0,"href":"http:\/\/ttal.ce.metu.edu.tr\/tr\/wp-json\/wp\/v2\/pages\/349\/revisions"}],"wp:attachment":[{"href":"http:\/\/ttal.ce.metu.edu.tr\/tr\/wp-json\/wp\/v2\/media?parent=349"}],"curies":[{"name":"wp","href":"https:\/\/api.w.org\/{rel}","templated":true}]}}