{"id":313,"date":"2019-03-26T06:55:24","date_gmt":"2019-03-26T06:55:24","guid":{"rendered":"https:\/\/ttal.ce.metu.edu.tr\/?page_id=313"},"modified":"2019-03-26T07:16:05","modified_gmt":"2019-03-26T07:16:05","slug":"uluslararasi","status":"publish","type":"page","link":"http:\/\/ttal.ce.metu.edu.tr\/tr\/uluslararasi\/","title":{"rendered":"Uluslararas\u0131 Yay\u0131nlar"},"content":{"rendered":"<p><strong><em><u>Dergi Yay\u0131nlar\u0131 (Uluslararas\u0131)<\/u><\/em><\/strong><\/p>\n<ul>\n<li>Tuydes-Yaman, H., Dalkic, G.\u00a0 2018. Evaluation of the Pricing Preferences and Value of Time of High Speed Rail Users in Turkey. \u201c<em>Journal of Gazi University Engineering and Architecture Faculty\u201d, 18 (1), http:\/\/www.mmfdergi.gazi.edu.tr\/article\/view\/5000212762.<\/em><\/li>\n<li>Tuydes-Yaman, H., Dalkic, G.\u00a0 2018. Competitiveness of Future High Speed Rail Lines in Turkey.<em>\u00a0\u201cInternational Journal of Transport Economics\u201d\u00a0<\/em>(Accepted).<\/li>\n<li>Karatas-Sevinen, P. and Tuydes-Yaman, H.\u00a0 2018.\u00a0 Variability in Sidewalk Pedestrian Level of Service Measures and Rating.\u00a0 \u201c<em>Journal of Urban Planning and Development<\/em>\u201c, 144(4), 4018042, Doi: 10.1061\/(ASCE)UP.1943-5444.0000483 (Yay\u0131n No: 4715156).<\/li>\n<li>Alisan, O., Kocatepe, A., Tuydes-Yaman, H., Ozguven, E. E. and Ozel, H. 2017. Benefits of Managing the Capacity of Special Needs Shelters with Cross-County Collaboration.<i>\u00a0\u201cTransportation Research Record: Journal of the Transportation Research Board\u201d<\/i>, 2604.<\/li>\n<li>Alt\u0131ntas\u0131, O., Tuydes-Yaman, H. and Tuncay K. 2017. Detection of urban traffic patterns from Floating Car Data (FCD).<i>\u00a0\u201cTransportation Research Procedia\u201d<\/i>, 22.<\/li>\n<li>Dalk\u0131c, G., Balaban, O., Tuydes-Yaman, H. and Celikkol-Kocak, T. 2017. An assessment of the CO2 emissions reduction in high speed rail lines: Two case studies from Turkey.<i>\u00a0\u201cJournal of Cleaner Production\u201d<\/i>, 165.<\/li>\n<li>Celikkol-Kocak T., Dalkic, G. and Tuydes-Yaman, H. 2017. High-Speed Rail (HSR) Users and Travel Characteristics in Turkey.<i>\u00a0\u201cProcedia Engineering\u201d<\/i>, 187.<\/li>\n<li>Alt\u0131ntas\u0131, O., Tuydes-Yaman, H. 2016. Best Option For Reducing On Campus Private Car Based CO2 Emissions Reducing VKT Or Congestion.<i>\u00a0\u201cMETU Journal of\u00a0 The Faculty of Architecture\u201d<\/i>, 33, p.87-105.<\/li>\n<li>Alt\u0131ntas\u0131, O., Tuydes-Yaman, H. 2016. Utilization of RFID data to evaluate characteristics of private car commuters in Middle East Technical University campu.<i>\u00a0\u201cPamukkale University Journal of Engineering Sciences\u201d<\/i>, 22, p.171-176.<\/li>\n<li>Tuydes-Yaman, H., Alt\u0131ntas\u0131, O., and Sendil, M.N. 2015. Better estimation of origin\u2013destination matrix using automated intersection movement count data.<i>\u00a0\u201cCanadian Journal of Civil Engineering\u201d<\/i>, 42, p.490-502.<\/li>\n<li>Tuydes-Yaman, H. and Ziliaskopoulos, A. 2014. Modeling Demand Management Strategies for Evacuations.<i>\u00a0\u201cAnnals of Operations Research\u201d<\/i>, 217, p.491-512.<\/li>\n<li>Ozen, M. and Tuydes-Yaman, H. 2013. Evaluation of Emission Cost of Inefficiency in Road Freight Transportation in Turkey.<i>\u201cEnergy Policy\u201d<\/i>, 62, p.625-636.<\/li>\n<li>Tuydes-Yaman, H.\u00a0 and Sendil, N. 2012. Use of Mathematical Programming in Estimating the Ingredient Proportions of Blended Cements.<i>\u00a0\u201c\u00c7imento ve Beton D\u00fcnyas\u0131\u201d<\/i>, 96, p.74-86.<\/li>\n<li>K\u0131rm\u0131z\u0131o\u011flu, E. and Tuydes, H. 2012. Comprehension Levels of Selected Traffic Signs in Turkey: Ankara Pilot Study.<i>\u00a0\u201cAccident Analysis and Prevention\u201d<\/i>, 45, p.131-141.<\/li>\n<li>Tuydes, H and Ziliaskopoulos, A. K. 2006. A Tabu-based Heuristic Approach for the Optimization of Network Evacuation Contraflow.<i>\u201cTransportation Research Record\u201d<\/i>, p.157-168.<\/li>\n<\/ul>\n<p><strong><em><u>Konferans Dergileri (Uluslararas\u0131)<\/u><\/em><\/strong><\/p>\n<ul>\n<li>Ipekyuz, B., Genel, V., Ozturk, O.F., Oz, B., Ozturk, H.I., Tuydes- Yaman, H. 2018. Perception of Parking Pricing and Willingness-to-Pay (WTP): A Preliminary Evaluation among METU Campus Users. 13th International Congress on Advances in Civil Engineering, 12-14 September 2018, Izmir\/TURKEY.<\/li>\n<li>Tuydes-Yaman, H., Dundar,S., Karatas-Sevinen, P.,\u00a0Ipekyuz, B.,\u00a0Huner, E.E., Evren, G. 2018. An Index Structure for Evaluation of Intelligent Transportation Systems (ITS). 13th International Congress on Advances in Civil Engineering, 12-14 September 2018, Izmir\/TURKEY.<\/li>\n<li>Dundar,S., Tuydes-Yaman, H.,\u00a0Ipekyuz, B.,\u00a0Karatas-Sevinen, P., Huner, E.E., Evren, G. 2018. An Index Structure for Evaluation of Intelligent Transportation Systems (ITS) (T\u00fcrkiye\u2019de Ak\u0131ll\u0131 Ula\u015ft\u0131rma Sistemlerinin (AUS) Ba\u015far\u0131l\u0131 Geli\u015fimi i\u00e7in Planlama). Band\u0131rma Onyedi Eyl\u00fcl<br \/>\n\u00dcniversitesi, 1 st International Conference On Intelligent Transportation Systems (1. Uluslararasi Akilli Ula\u015fim Sistemleri Konferansi), Banu- ITSC\u201918. Abstract paper. 19-21 Apr 2018.<\/li>\n<li>Alisan, O., Kocatepe, A., Tuydes-Yaman, H., Ozguven, E. E. and Ozel, H. 2017. Benefits of Managing Special Needs Shelters (SpNS) Capacities with Utilizing Cross-County Collaboration: A Case Study Application in Florida,.<i>\u00a0\u201cTransportation Research Board 96th Annual Meeting\u201d.<\/i><\/li>\n<li>Dalk\u0131c, G., Tuydes-Yaman, H. and Deplace, M. 2017.\u00a0 A first evaluation of the relationship between High Speed Rail (HSR) and the tourism sector in Turkey: The cases of two Turkish cities.<i>\u00a0\u201cInternational Congress on High Speed Rail\u201d.<\/i><\/li>\n<li>Celikkol-Kocak, T., Dalk\u0131c, G.,and Tuydes-Yaman, H. 2017. High-Speed Rail (HSR) Users and Travel Characteristics in Turkey,.<i>\u201c10th International Scientific Conference Transbaltica 2017\u201d.<\/i><\/li>\n<li>Karatas-Sevinen, P. and Tuydes-Yaman, H. 2016.\u00a0A Pairwise Comparison Of Different Pedestrian Level Of Service Plos Ratings..<i>\u201cTransportation Research Board (TRB) 95th Annual Meeting\u201d.<\/i><br \/>\nOzgur, C.O., Alt\u0131ntas\u0131, O., Tuydes-Yaman, H. and Babal\u0131k-Sultcliffe, E. 2016. Assessing the Link between Rail Transit Usage and Multimodal Integration.<i>\u00a0\u201c95th Annual Meeting of the Transportation Research Board\u201d.<\/i><br \/>\nAlt\u0131ntas\u0131, O., Tuydes-Yaman, H. and Tuncay, K. 2016. Identification of Temporal Variations in Speed Patterns for Urban Arterials Using Floating Car Data FCD.<i>\u00a0\u201c12th International Congress on Advances in Civil Engineering\u201d.<\/i><\/li>\n<li>Alt\u0131ntas\u0131, O., Tuydes-Yaman, H. and Tuncay, K. 2016. Detection of urban traffic patterns from Floating Car Data FCD.<i>\u00a0\u201c19th EURO Working Group on Transportation Meeting\u201d<\/i>.<\/li>\n<li>Tuydes-Yaman, H., Karatas-Sevinen, P. and Alt\u0131ntas\u0131, O. 2015. Lessons Learnt From Metu Campus Walkability Evaluat\u0131ons.<i>\u00a0\u201c94th Transportation Research Board Annual Meeting\u201d<\/i>.<\/li>\n<li>Kundakci, E. and Tuydes-Yaman, H. 2014. Understanding the Distribution of Traffic Accident Hot Spots in Urban Regions.<i>\u201cProceedings of 93rd Transportation Research Board Annual Meeting, Washington DC, USA, January\u201d.<\/i><\/li>\n<li>Ozen, M. and Tuydes-Yaman, H. 2014. Challenges of Modelling Truck Freight Demand in Turkey.<i>\u00a0\u201cProceedings of the 11th International Congress on Advances in Civil Engineering, \u0130T\u00dc\u201d<\/i>.<\/li>\n<li>Altintasi O. and Tuydes-Yaman H. 2014. Determination of Origin-Destination Matrix of METU Campus Travelers Using RFID Data.<i>\u201cProceedings of the 11th International Congress on Advances in Civil Engineering, \u0130T\u00dc\u201d<\/i>.<\/li>\n<li>Atabak, M.,\u00a0 Tuydes-Yaman H. and Ozen, M. 2014. Characteristics of Truck Freight Transportation on Motorways in Turkey.<i>\u00a0\u201cProceedings of the 11th International Congress on Advances in Civil Engineering, \u0130T\u00dc\u201d.<\/i><\/li>\n<li>Karatas, P., Tuydes-Yaman, H. and Altintasi, O. 2014. Evaluating Pedestrian Level of Service at Middle East Technical University (METU) Campus.<i>\u00a0\u201cProceedings of the 11th International Congress on Advances in Civil Engineering, \u0130T\u00dc\u201d<\/i>.<\/li>\n<li>Kazemi Afshar, A.A., Altintasi, O. and Tuydes-Yaman, H. 2014. Estimation of Level of Service at Signalized Intersections around the Proposed Health Campus in Etlik, Ankara\u201d,.<i>\u00a0\u201cProceedings of the 11th International Congress on Advances in Civil Engineering, \u0130T\u00dc\u201d.<\/i><\/li>\n<li>Yucel, S. Tuydes-Yaman, H., Altintasi, O. and Ozen, M. 2013. Determination of Vehicular Travel Patterns in an Urban Location Using Bluetooth Tehcnology\u201d.<i>\u00a0\u201d ITS America 23rd Annual Meeting and Expo, Nashville, Tennessee, USA\u201d.<\/i><\/li>\n<li>Altintasi O. and Tuydes-Yaman H. 2013. Commute Behavior of METU Campus Travelers.<i>\u00a0\u201cThe 18th International Conference of Hong Kong Society for Transportation Studies, December 14-16,\u201d<\/i><\/li>\n<li>Ozen, M. and Tuydes-Yaman H. 2013. Investigation of Traffic Assignment Principle for Truck Freight in Turkey.<i>\u00a0\u201cITS America 23rd Annual Meeting and Expo, Nashville, Tennessee, USA, April 22-24\u201d.<\/i><\/li>\n<li>Altintasi O. and Tuydes-Yaman H. 2012. Assessing Sustainable Campus Transportation Policies Using Simulation.<i>\u00a0\u201c10th International Congress on Advances in Civil Engineering CD\u201d<\/i>.<\/li>\n<li>Ozen, M. and Tuydes-Yaman H. 2012. Determination of the Traffic Assignment Principle for the Road Freight Transportation in Turkey.<i>\u00a0\u201c10th International Congress on Advances in Civil Engineering CD\u201d<\/i>.<\/li>\n<li>Tuydes-Yaman H. and Tuncay, K. 2012. Modeling Multi-Class Traffic Flows using Hydrodynamic Model.<i>\u00a0\u201c10th International Congress on Advances in Civil Engineering CD\u201d.<\/i><\/li>\n<li>Demiroluk, S. and Tuydes, H. 2011. A Retrospective Bottleneck Analysis Method to Detect Recurrent Congestion in a Traffic Network Using GPS Technology.<i>\u00a0\u201cTransportation Research Board 90th Annual Meeting\u201d<\/i>.<\/li>\n<li>Demiroluk, S. and Tuydes, H. 2008. Evaluation of Recurrent Congestion in a Traffic Network Using GPS Technology.<i>\u201cProceedings of 10th Int\u2019l Conference on Application of Advanced Technologies in Transportation\u201d<\/i>.<\/li>\n<li>Tuydes, H. 2008.\u00a0Traffic Management Challenges in Terrorist Attacks: Evacuations in Chemical\/Hazardous Material Spills and Emergency Operations.<i>\u00a0\u201cTransportation Security Against terrorism- Proceedings of NATO Advance Research Workshop May 5-6th\u201d<\/i>, (2008), p.113-127.<\/li>\n<li>Ardic-Eminaga, Z. and Tuydes, H. 2008. Effects of Speed Variance on Traffic Safety On Urban Arterials.<i>\u00a0\u201cProceedings of 10th Int\u2019l Conference on Application of Advanced Technologies in Transportation\u201d<\/i>.<\/li>\n<li>Tuydes, H and Ziliaskopoulos, A. K. 2006. A Tabu-based Heuristic Approach for the Optimization of Network Evacuation Contraflow.<i>\u201cTransportation Research Board Annual Meeting\u201d.<\/i><\/li>\n<\/ul>\n<p><em><strong><u>Kitap ve Bir Kitapta B\u00f6l\u00fcm (Uluslararas\u0131)<\/u><\/strong><\/em><\/p>\n<ul>\n<li>Tuydes-Yaman, H. and Karatas-Sevinen, P. 2017. Evaluation of Walkability and Pedestrian Level of Service.<i>\u00a0\u201cEngineering Tools and Solutions for Sustainable Transportation Planning\u201d.<\/i><\/li>\n<\/ul>\n","protected":false},"excerpt":{"rendered":"<p>Dergi Yay\u0131nlar\u0131 (Uluslararas\u0131) Tuydes-Yaman, H., Dalkic, G.\u00a0 2018. Evaluation of the Pricing Preferences and Value of Time of High Speed Rail Users in Turkey. \u201cJournal of Gazi University Engineering and Architecture Faculty\u201d, 18 (1), http:\/\/www.mmfdergi.gazi.edu.tr\/article\/view\/5000212762. Tuydes-Yaman, H., Dalkic, G.\u00a0 2018. Competitiveness of Future High Speed Rail Lines in Turkey.\u00a0\u201cInternational Journal of Transport Economics\u201d\u00a0(Accepted). Karatas-Sevinen, P. [&hellip;]<\/p>\n","protected":false},"author":6213,"featured_media":0,"parent":0,"menu_order":0,"comment_status":"closed","ping_status":"closed","template":"","meta":{"footnotes":"","_links_to":"","_links_to_target":""},"class_list":["post-313","page","type-page","status-publish","hentry"],"_links":{"self":[{"href":"http:\/\/ttal.ce.metu.edu.tr\/tr\/wp-json\/wp\/v2\/pages\/313","targetHints":{"allow":["GET"]}}],"collection":[{"href":"http:\/\/ttal.ce.metu.edu.tr\/tr\/wp-json\/wp\/v2\/pages"}],"about":[{"href":"http:\/\/ttal.ce.metu.edu.tr\/tr\/wp-json\/wp\/v2\/types\/page"}],"author":[{"embeddable":true,"href":"http:\/\/ttal.ce.metu.edu.tr\/tr\/wp-json\/wp\/v2\/users\/6213"}],"replies":[{"embeddable":true,"href":"http:\/\/ttal.ce.metu.edu.tr\/tr\/wp-json\/wp\/v2\/comments?post=313"}],"version-history":[{"count":0,"href":"http:\/\/ttal.ce.metu.edu.tr\/tr\/wp-json\/wp\/v2\/pages\/313\/revisions"}],"wp:attachment":[{"href":"http:\/\/ttal.ce.metu.edu.tr\/tr\/wp-json\/wp\/v2\/media?parent=313"}],"curies":[{"name":"wp","href":"https:\/\/api.w.org\/{rel}","templated":true}]}}