{"id":307,"date":"2019-03-26T06:46:13","date_gmt":"2019-03-26T06:46:13","guid":{"rendered":"https:\/\/ttal.ce.metu.edu.tr\/?page_id=307"},"modified":"2019-03-26T06:54:37","modified_gmt":"2019-03-26T06:54:37","slug":"lisansustu","status":"publish","type":"page","link":"http:\/\/ttal.ce.metu.edu.tr\/tr\/lisansustu\/","title":{"rendered":"Lisans\u00fcst\u00fc \u00d6\u011frenciler"},"content":{"rendered":"<h5><strong>\u00a0 \u00a0 \u00a0 \u00a0 \u00a0 \u00a0 \u00a0 \u00a0 \u00a0 \u00a0 \u00a0PhD Students\u00a0<\/strong><\/h5>\n<ul>\n<li>\n<h5><a href=\"https:\/\/tr.linkedin.com\/in\/akafshar\">AL\u0130 ASGHAR KAZEM\u0130 AFSHAR<\/a><\/h5>\n<\/li>\n<li>\n<h5><a href=\"https:\/\/blog.metu.edu.tr\/e220122\/\">BEYHAN \u0130PEKY\u00dcZ (Research\u00a0Asisstant)[custom_gallery source=&#8221;media: 257&#8243;]<\/a><\/h5>\n<\/li>\n<li>\n<h5><a href=\"http:\/\/www.ce.metu.edu.tr\/personal-information?user_code=dalkic\" target=\"_blank\" rel=\"noopener\">G\u00dcL\u00c7\u0130N DALKI\u00c7\u00a0<\/a><a href=\"https:\/\/blog.metu.edu.tr\/e220122\/\">(<\/a><a href=\"https:\/\/blog.metu.edu.tr\/e220122\/\">Research\u00a0Asisstant<\/a><a href=\"https:\/\/blog.metu.edu.tr\/e220122\/\">)[custom_gallery source=&#8221;media: 258&#8243;]<\/a><\/h5>\n<\/li>\n<li>\n<h5><a href=\"http:\/\/www.ce.metu.edu.tr\/personal-information?user_code=pkaratas\" target=\"_blank\" rel=\"noopener\">PINAR KARATA\u015e SEV\u0130NEN\u00a0<\/a><a href=\"https:\/\/blog.metu.edu.tr\/e220122\/\">(<\/a><a href=\"https:\/\/blog.metu.edu.tr\/e220122\/\">Research\u00a0Asisstant<\/a><a href=\"https:\/\/blog.metu.edu.tr\/e220122\/\">)[custom_gallery source=&#8221;media: 255&#8243;]<\/a><\/h5>\n<\/li>\n<\/ul>\n<h5><strong>\u00a0 \u00a0 \u00a0 \u00a0 \u00a0 \u00a0 \u00a0 \u00a0 \u00a0 \u00a0 \u00a0MSc Students\u00a0<\/strong><\/h5>\n<ul>\n<li>\n<h5>OSMAN FUAT \u00d6ZT\u00dcRK<\/h5>\n<\/li>\n<li>\n<h5><strong>VOLKAN GENEL<\/strong><\/h5>\n<\/li>\n<\/ul>\n<h5><strong>\u00a0 \u00a0 \u00a0 \u00a0<\/strong><\/h5>\n","protected":false},"excerpt":{"rendered":"<p>\u00a0 \u00a0 \u00a0 \u00a0 \u00a0 \u00a0 \u00a0 \u00a0 \u00a0 \u00a0 \u00a0PhD Students\u00a0 AL\u0130 ASGHAR KAZEM\u0130 AFSHAR BEYHAN \u0130PEKY\u00dcZ (Research\u00a0Asisstant)[custom_gallery source=&#8221;media: 257&#8243;] G\u00dcL\u00c7\u0130N DALKI\u00c7\u00a0(Research\u00a0Asisstant)[custom_gallery source=&#8221;media: 258&#8243;] PINAR KARATA\u015e SEV\u0130NEN\u00a0(Research\u00a0Asisstant)[custom_gallery source=&#8221;media: 255&#8243;] \u00a0 \u00a0 \u00a0 \u00a0 \u00a0 \u00a0 \u00a0 \u00a0 \u00a0 \u00a0 \u00a0MSc Students\u00a0 OSMAN FUAT \u00d6ZT\u00dcRK VOLKAN GENEL \u00a0 \u00a0 \u00a0 \u00a0<\/p>\n","protected":false},"author":6213,"featured_media":0,"parent":0,"menu_order":0,"comment_status":"closed","ping_status":"closed","template":"","meta":{"footnotes":"","_links_to":"","_links_to_target":""},"class_list":["post-307","page","type-page","status-publish","hentry"],"_links":{"self":[{"href":"http:\/\/ttal.ce.metu.edu.tr\/tr\/wp-json\/wp\/v2\/pages\/307","targetHints":{"allow":["GET"]}}],"collection":[{"href":"http:\/\/ttal.ce.metu.edu.tr\/tr\/wp-json\/wp\/v2\/pages"}],"about":[{"href":"http:\/\/ttal.ce.metu.edu.tr\/tr\/wp-json\/wp\/v2\/types\/page"}],"author":[{"embeddable":true,"href":"http:\/\/ttal.ce.metu.edu.tr\/tr\/wp-json\/wp\/v2\/users\/6213"}],"replies":[{"embeddable":true,"href":"http:\/\/ttal.ce.metu.edu.tr\/tr\/wp-json\/wp\/v2\/comments?post=307"}],"version-history":[{"count":0,"href":"http:\/\/ttal.ce.metu.edu.tr\/tr\/wp-json\/wp\/v2\/pages\/307\/revisions"}],"wp:attachment":[{"href":"http:\/\/ttal.ce.metu.edu.tr\/tr\/wp-json\/wp\/v2\/media?parent=307"}],"curies":[{"name":"wp","href":"https:\/\/api.w.org\/{rel}","templated":true}]}}