{"id":301,"date":"2019-03-25T14:12:36","date_gmt":"2019-03-25T14:12:36","guid":{"rendered":"https:\/\/ttal.ce.metu.edu.tr\/?page_id=301"},"modified":"2019-04-08T13:40:16","modified_gmt":"2019-04-08T13:40:16","slug":"ogretim-uyeleri","status":"publish","type":"page","link":"http:\/\/ttal.ce.metu.edu.tr\/tr\/ogretim-uyeleri\/","title":{"rendered":"\u00d6\u011fretim \u00dcyeleri"},"content":{"rendered":"<p><strong>Ula\u015ft\u0131rma M\u00fchendisli\u011fi \u00d6\u011fretim \u00dcyeleri<\/strong><\/p>\n<ul>\n<li>\n<h5><a href=\"https:\/\/staffroster.metu.edu.tr\/my_staff_roster.php?ssn=MTM3NzQw\">Do\u00e7. Dr. HED\u0130YE T\u00dcYDE\u015e YAMAN[custom_gallery source=&#8221;media: 247&#8243;]<\/a><\/h5>\n<\/li>\n<li>\n<h5><a href=\"http:\/\/www.mersin.edu.tr\/akademik\/muhendislik-fakultesi\/bolumler\/insaat-muhendisligi-bolumu\/programlar\/insaat-muhendisligi\/ogretim-elemanlari\/ozen.murat\">Dr. \u00d6\u011fr. \u00dcyesi<\/a><a href=\"https:\/\/staffroster.metu.edu.tr\/my_staff_roster.php?ssn=MjE0NzE4\"> HANDE I\u015eIK \u00d6ZT\u00dcRK[custom_gallery source=&#8221;media: 248&#8243;]<\/a><\/h5>\n<\/li>\n<\/ul>\n","protected":false},"excerpt":{"rendered":"<p>Ula\u015ft\u0131rma M\u00fchendisli\u011fi \u00d6\u011fretim \u00dcyeleri Do\u00e7. Dr. HED\u0130YE T\u00dcYDE\u015e YAMAN[custom_gallery source=&#8221;media: 247&#8243;] Dr. \u00d6\u011fr. \u00dcyesi HANDE I\u015eIK \u00d6ZT\u00dcRK[custom_gallery source=&#8221;media: 248&#8243;]<\/p>\n","protected":false},"author":6213,"featured_media":0,"parent":0,"menu_order":0,"comment_status":"closed","ping_status":"closed","template":"","meta":{"footnotes":"","_links_to":"","_links_to_target":""},"class_list":["post-301","page","type-page","status-publish","hentry"],"_links":{"self":[{"href":"http:\/\/ttal.ce.metu.edu.tr\/tr\/wp-json\/wp\/v2\/pages\/301","targetHints":{"allow":["GET"]}}],"collection":[{"href":"http:\/\/ttal.ce.metu.edu.tr\/tr\/wp-json\/wp\/v2\/pages"}],"about":[{"href":"http:\/\/ttal.ce.metu.edu.tr\/tr\/wp-json\/wp\/v2\/types\/page"}],"author":[{"embeddable":true,"href":"http:\/\/ttal.ce.metu.edu.tr\/tr\/wp-json\/wp\/v2\/users\/6213"}],"replies":[{"embeddable":true,"href":"http:\/\/ttal.ce.metu.edu.tr\/tr\/wp-json\/wp\/v2\/comments?post=301"}],"version-history":[{"count":0,"href":"http:\/\/ttal.ce.metu.edu.tr\/tr\/wp-json\/wp\/v2\/pages\/301\/revisions"}],"wp:attachment":[{"href":"http:\/\/ttal.ce.metu.edu.tr\/tr\/wp-json\/wp\/v2\/media?parent=301"}],"curies":[{"name":"wp","href":"https:\/\/api.w.org\/{rel}","templated":true}]}}