{"id":293,"date":"2019-03-25T14:04:33","date_gmt":"2019-03-25T14:04:33","guid":{"rendered":"https:\/\/ttal.ce.metu.edu.tr\/?page_id=293"},"modified":"2019-03-25T14:10:44","modified_gmt":"2019-03-25T14:10:44","slug":"ana-arastirma-konulari","status":"publish","type":"page","link":"http:\/\/ttal.ce.metu.edu.tr\/tr\/ana-arastirma-konulari\/","title":{"rendered":"Ara\u015ft\u0131rma Konular\u0131"},"content":{"rendered":"<p><strong>Ara\u015ft\u0131rma Konular\u0131<\/strong><\/p>\n<ul>\n<li>Ula\u015f\u0131m Talebi Tahmini<\/li>\n<li>Ula\u015ft\u0131rma Politikas\u0131<\/li>\n<li>A\u011f Modellemesi, Planlama ve Sim\u00fclasyon<\/li>\n<li>A\u011f Optimizasyonu<\/li>\n<li>S\u00fcrd\u00fcr\u00fclebilir Ula\u015f\u0131m<\/li>\n<li>Ak\u0131ll\u0131 Ula\u015f\u0131m Sistemleri (AUS)<\/li>\n<li>Trafik G\u00fcvenli\u011fi<\/li>\n<li>Kaza \u00d6nleme, \u0130nceleme ve Analizi<\/li>\n<li>Y\u00fcr\u00fcnebilirlik ve Yaya G\u00fcvenli\u011fi<\/li>\n<li>Kentsel Ula\u015f\u0131m<\/li>\n<li>Karayolu M\u00fchendisli\u011fi<\/li>\n<li>Karayolu Y\u00fck Ta\u015f\u0131mac\u0131l\u0131\u011f\u0131<\/li>\n<li>Sistem Operasyonlar\u0131<\/li>\n<\/ul>\n","protected":false},"excerpt":{"rendered":"<p>Ara\u015ft\u0131rma Konular\u0131 Ula\u015f\u0131m Talebi Tahmini Ula\u015ft\u0131rma Politikas\u0131 A\u011f Modellemesi, Planlama ve Sim\u00fclasyon A\u011f Optimizasyonu S\u00fcrd\u00fcr\u00fclebilir Ula\u015f\u0131m Ak\u0131ll\u0131 Ula\u015f\u0131m Sistemleri (AUS) Trafik G\u00fcvenli\u011fi Kaza \u00d6nleme, \u0130nceleme ve Analizi Y\u00fcr\u00fcnebilirlik ve Yaya G\u00fcvenli\u011fi Kentsel Ula\u015f\u0131m Karayolu M\u00fchendisli\u011fi Karayolu Y\u00fck Ta\u015f\u0131mac\u0131l\u0131\u011f\u0131 Sistem Operasyonlar\u0131<\/p>\n","protected":false},"author":6213,"featured_media":0,"parent":0,"menu_order":0,"comment_status":"closed","ping_status":"closed","template":"","meta":{"footnotes":"","_links_to":"","_links_to_target":""},"class_list":["post-293","page","type-page","status-publish","hentry"],"_links":{"self":[{"href":"http:\/\/ttal.ce.metu.edu.tr\/tr\/wp-json\/wp\/v2\/pages\/293","targetHints":{"allow":["GET"]}}],"collection":[{"href":"http:\/\/ttal.ce.metu.edu.tr\/tr\/wp-json\/wp\/v2\/pages"}],"about":[{"href":"http:\/\/ttal.ce.metu.edu.tr\/tr\/wp-json\/wp\/v2\/types\/page"}],"author":[{"embeddable":true,"href":"http:\/\/ttal.ce.metu.edu.tr\/tr\/wp-json\/wp\/v2\/users\/6213"}],"replies":[{"embeddable":true,"href":"http:\/\/ttal.ce.metu.edu.tr\/tr\/wp-json\/wp\/v2\/comments?post=293"}],"version-history":[{"count":0,"href":"http:\/\/ttal.ce.metu.edu.tr\/tr\/wp-json\/wp\/v2\/pages\/293\/revisions"}],"wp:attachment":[{"href":"http:\/\/ttal.ce.metu.edu.tr\/tr\/wp-json\/wp\/v2\/media?parent=293"}],"curies":[{"name":"wp","href":"https:\/\/api.w.org\/{rel}","templated":true}]}}