{"id":290,"date":"2019-03-25T14:02:59","date_gmt":"2019-03-25T14:02:59","guid":{"rendered":"https:\/\/ttal.ce.metu.edu.tr\/?page_id=290"},"modified":"2019-04-08T13:46:39","modified_gmt":"2019-04-08T13:46:39","slug":"iletisim-bilgisi","status":"publish","type":"page","link":"http:\/\/ttal.ce.metu.edu.tr\/tr\/iletisim-bilgisi\/","title":{"rendered":"\u0130leti\u015fim Bilgisi"},"content":{"rendered":"<p style=\"text-align: center\"><strong>Adres<\/strong><\/p>\n<p style=\"text-align: center\">\u0130n\u015faat M\u00fchendisli\u011fi B\u00f6l\u00fcm\u00fc, K1 Binas\u0131,<\/p>\n<p style=\"text-align: center\">Orta Do\u011fu Teknik \u00dcniversitesi<\/p>\n<p style=\"text-align: center\">\u00dcniversiteler Mah. Dumlup\u0131nar Blv. No:1, 06800<\/p>\n<p style=\"text-align: center\">Ankara T\u00dcRK\u0130YE<\/p>\n<p style=\"text-align: center\"><strong>E-Mail Adresi<\/strong><\/p>\n<p style=\"text-align: center\">wwwttal@metu.edu.tr<\/p>\n<p style=\"text-align: center\"><strong>Telefon<\/strong><\/p>\n<p style=\"text-align: center\">+90 312 210 24 01<\/p>\n<p style=\"text-align: center\"><strong>Fax<\/strong><\/p>\n<p style=\"text-align: center\">+90 312 210 54 01<\/p>\n<p style=\"text-align: center\"><strong>\u00a0<\/strong><\/p>\n","protected":false},"excerpt":{"rendered":"<p>Adres \u0130n\u015faat M\u00fchendisli\u011fi B\u00f6l\u00fcm\u00fc, K1 Binas\u0131, Orta Do\u011fu Teknik \u00dcniversitesi \u00dcniversiteler Mah. Dumlup\u0131nar Blv. No:1, 06800 Ankara T\u00dcRK\u0130YE E-Mail Adresi wwwttal@metu.edu.tr Telefon +90 312 210 24 01 Fax +90 312 210 54 01 \u00a0<\/p>\n","protected":false},"author":6213,"featured_media":0,"parent":0,"menu_order":0,"comment_status":"closed","ping_status":"closed","template":"","meta":{"footnotes":"","_links_to":"","_links_to_target":""},"class_list":["post-290","page","type-page","status-publish","hentry"],"_links":{"self":[{"href":"http:\/\/ttal.ce.metu.edu.tr\/tr\/wp-json\/wp\/v2\/pages\/290","targetHints":{"allow":["GET"]}}],"collection":[{"href":"http:\/\/ttal.ce.metu.edu.tr\/tr\/wp-json\/wp\/v2\/pages"}],"about":[{"href":"http:\/\/ttal.ce.metu.edu.tr\/tr\/wp-json\/wp\/v2\/types\/page"}],"author":[{"embeddable":true,"href":"http:\/\/ttal.ce.metu.edu.tr\/tr\/wp-json\/wp\/v2\/users\/6213"}],"replies":[{"embeddable":true,"href":"http:\/\/ttal.ce.metu.edu.tr\/tr\/wp-json\/wp\/v2\/comments?post=290"}],"version-history":[{"count":0,"href":"http:\/\/ttal.ce.metu.edu.tr\/tr\/wp-json\/wp\/v2\/pages\/290\/revisions"}],"wp:attachment":[{"href":"http:\/\/ttal.ce.metu.edu.tr\/tr\/wp-json\/wp\/v2\/media?parent=290"}],"curies":[{"name":"wp","href":"https:\/\/api.w.org\/{rel}","templated":true}]}}