{"id":278,"date":"2019-03-25T13:58:45","date_gmt":"2019-03-25T13:58:45","guid":{"rendered":"https:\/\/ttal.ce.metu.edu.tr\/?page_id=278"},"modified":"2019-03-26T07:40:11","modified_gmt":"2019-03-26T07:40:11","slug":"ace-2018","status":"publish","type":"page","link":"http:\/\/ttal.ce.metu.edu.tr\/tr\/ace-2018\/","title":{"rendered":"ACE 2018"},"content":{"rendered":"<p>ACE 2018, 12-14 Eyl\u00fcl 2018 tarihleri aras\u0131nda \u00c7e\u015fme, \u0130zmir&#8217;de d\u00fczenlendi.<\/p>\n[slider source=&#8221;media: 75,74,72,71,70,69,68,67&#8243; limit=&#8221;100&#8243;]\n","protected":false},"excerpt":{"rendered":"<p>ACE 2018, 12-14 Eyl\u00fcl 2018 tarihleri aras\u0131nda \u00c7e\u015fme, \u0130zmir&#8217;de d\u00fczenlendi. [slider source=&#8221;media: 75,74,72,71,70,69,68,67&#8243; limit=&#8221;100&#8243;]<\/p>\n","protected":false},"author":6213,"featured_media":0,"parent":0,"menu_order":0,"comment_status":"closed","ping_status":"closed","template":"","meta":{"footnotes":"","_links_to":"","_links_to_target":""},"class_list":["post-278","page","type-page","status-publish","hentry"],"_links":{"self":[{"href":"http:\/\/ttal.ce.metu.edu.tr\/tr\/wp-json\/wp\/v2\/pages\/278","targetHints":{"allow":["GET"]}}],"collection":[{"href":"http:\/\/ttal.ce.metu.edu.tr\/tr\/wp-json\/wp\/v2\/pages"}],"about":[{"href":"http:\/\/ttal.ce.metu.edu.tr\/tr\/wp-json\/wp\/v2\/types\/page"}],"author":[{"embeddable":true,"href":"http:\/\/ttal.ce.metu.edu.tr\/tr\/wp-json\/wp\/v2\/users\/6213"}],"replies":[{"embeddable":true,"href":"http:\/\/ttal.ce.metu.edu.tr\/tr\/wp-json\/wp\/v2\/comments?post=278"}],"version-history":[{"count":0,"href":"http:\/\/ttal.ce.metu.edu.tr\/tr\/wp-json\/wp\/v2\/pages\/278\/revisions"}],"wp:attachment":[{"href":"http:\/\/ttal.ce.metu.edu.tr\/tr\/wp-json\/wp\/v2\/media?parent=278"}],"curies":[{"name":"wp","href":"https:\/\/api.w.org\/{rel}","templated":true}]}}