{"id":273,"date":"2019-03-25T12:15:44","date_gmt":"2019-03-25T12:15:44","guid":{"rendered":"https:\/\/ttal.ce.metu.edu.tr\/?page_id=273"},"modified":"2019-03-26T07:55:49","modified_gmt":"2019-03-26T07:55:49","slug":"hakkinda","status":"publish","type":"page","link":"http:\/\/ttal.ce.metu.edu.tr\/tr\/hakkinda\/","title":{"rendered":"Hakk\u0131nda"},"content":{"rendered":"<p>Ula\u015f\u0131m, ya\u015fam\u0131n \u00f6nemli bir par\u00e7as\u0131d\u0131r. \u00d6zellikle ula\u015ft\u0131rma sistemlerindeki teknolojik, ekonomik, sosyal, \u00e7evresel ve politik konular s\u00fcrekli de\u011fi\u015fmektedir. Bu nedenle, kentsel planlama, a\u011f talebi ve modelleme, y\u00fck ta\u015f\u0131mac\u0131l\u0131\u011f\u0131 vb. bir\u00e7ok \u015feyi tetikler. Buna ek olarak, ula\u015f\u0131m hizmetlerinin tasar\u0131m\u0131, i\u015fletimi ve etkinli\u011fi di\u011fer sosyal ve ekonomik ihtiya\u00e7larla yak\u0131ndan ili\u015fkilidir. Teknoloji ve bilgi hizmetlerinde ya\u015fanan geli\u015fmeler sayesinde ula\u015f\u0131m k\u0131sa s\u00fcrede geli\u015fmi\u015ftir. Bu, ula\u015ft\u0131rma uzmanlar\u0131n\u0131n temel disiplinlerde iyi e\u011fitimli olmalar\u0131n\u0131, de\u011fi\u015fime ayak uydurabilmelerini ve yarat\u0131c\u0131 se\u00e7enekleri dinamik bir d\u00fcnyada uygulamak i\u00e7in gerekli vizyon ve kavrama yetene\u011fine sahip olmalar\u0131n\u0131 gerektirir. Ara\u015ft\u0131rma grubumuzun amac\u0131, lisans ve mezun olan \u00f6\u011frencilerimizi karma\u015f\u0131k ula\u015f\u0131m sorunlar\u0131n\u0131 tespit etmek, analiz etmek ve sim\u00fcle edebilmek i\u00e7in haz\u0131rlamakt\u0131r. Son olarak, do\u011fal \u00e7evre i\u00e7in ba\u015far\u0131l\u0131 uygulamaya y\u00f6nelik \u00e7\u00f6z\u00fcmlerin s\u00fcrd\u00fcr\u00fclebilir kayg\u0131lar g\u00f6z \u00f6n\u00fcnde bulundurularak ger\u00e7ekle\u015ftirilmesi hedeflenmektedir. Bu ama\u00e7la ODT\u00dc Ula\u015f\u0131m ve Trafik Analizi Laboratuvar\u0131 (UTAL), 2006 y\u0131l\u0131nda \u0130n\u015faat M\u00fchendisli\u011fi B\u00f6l\u00fcm\u00fc Ula\u015ft\u0131rma Anabilim Dal\u0131 b\u00fcnyesinde kurulmu\u015ftur. Ayr\u0131ca, UTAL grubu ODT\u00dc-B\u0130LT\u0130R Merkezinin bir par\u00e7as\u0131d\u0131r.<\/p>\n","protected":false},"excerpt":{"rendered":"<p>Ula\u015f\u0131m, ya\u015fam\u0131n \u00f6nemli bir par\u00e7as\u0131d\u0131r. \u00d6zellikle ula\u015ft\u0131rma sistemlerindeki teknolojik, ekonomik, sosyal, \u00e7evresel ve politik konular s\u00fcrekli de\u011fi\u015fmektedir. Bu nedenle, kentsel planlama, a\u011f talebi ve modelleme, y\u00fck ta\u015f\u0131mac\u0131l\u0131\u011f\u0131 vb. bir\u00e7ok \u015feyi tetikler. Buna ek olarak, ula\u015f\u0131m hizmetlerinin tasar\u0131m\u0131, i\u015fletimi ve etkinli\u011fi di\u011fer sosyal ve ekonomik ihtiya\u00e7larla yak\u0131ndan ili\u015fkilidir. Teknoloji ve bilgi hizmetlerinde ya\u015fanan geli\u015fmeler sayesinde ula\u015f\u0131m [&hellip;]<\/p>\n","protected":false},"author":1,"featured_media":0,"parent":0,"menu_order":0,"comment_status":"closed","ping_status":"closed","template":"","meta":{"footnotes":"","_links_to":"","_links_to_target":""},"class_list":["post-273","page","type-page","status-publish","hentry"],"_links":{"self":[{"href":"http:\/\/ttal.ce.metu.edu.tr\/tr\/wp-json\/wp\/v2\/pages\/273","targetHints":{"allow":["GET"]}}],"collection":[{"href":"http:\/\/ttal.ce.metu.edu.tr\/tr\/wp-json\/wp\/v2\/pages"}],"about":[{"href":"http:\/\/ttal.ce.metu.edu.tr\/tr\/wp-json\/wp\/v2\/types\/page"}],"author":[{"embeddable":true,"href":"http:\/\/ttal.ce.metu.edu.tr\/tr\/wp-json\/wp\/v2\/users\/1"}],"replies":[{"embeddable":true,"href":"http:\/\/ttal.ce.metu.edu.tr\/tr\/wp-json\/wp\/v2\/comments?post=273"}],"version-history":[{"count":0,"href":"http:\/\/ttal.ce.metu.edu.tr\/tr\/wp-json\/wp\/v2\/pages\/273\/revisions"}],"wp:attachment":[{"href":"http:\/\/ttal.ce.metu.edu.tr\/tr\/wp-json\/wp\/v2\/media?parent=273"}],"curies":[{"name":"wp","href":"https:\/\/api.w.org\/{rel}","templated":true}]}}